{"id":487,"date":"2020-02-10T19:30:13","date_gmt":"2020-02-10T19:30:13","guid":{"rendered":"http:\/\/lauri.kiurut.fi\/wordpress\/?page_id=2"},"modified":"2026-01-02T12:49:24","modified_gmt":"2026-01-02T10:49:24","slug":"sample-page-2","status":"publish","type":"page","link":"https:\/\/seppo.kiurut.fi\/seppo\/","title":{"rendered":"Home"},"content":{"rendered":"\n<p><small><small>some pages:<\/small><\/small> [updated: SK 20.9.2025]<\/p>\n\n\n\n<div class=\"wp-block-columns is-layout-flex wp-container-core-columns-is-layout-9d6595d7 wp-block-columns-is-layout-flex\">\n<div class=\"wp-block-column is-layout-flow wp-block-column-is-layout-flow\" style=\"flex-basis:100%\">\n<table style=\"text-align: left; width: 100%;\" border=\"1\"\n cellpadding=\"2\" cellspacing=\"2\">\n  <tbody>\n    <tr>\n      <td><small><a href=\"http:\/\/jari.mooo.com\/\" target=\"_blank\" rel=\"noreferrer noopener\">http:\/\/jari.mooo.com\/<\/a><\/small><\/td>\n      <td><small><a href=\"http:\/\/jari.rockas.mooo.com\/\" target=\"_blank\" rel=\"noreferrer noopener\">http:\/\/jari.rockas.mooo.com\/<\/a><\/small><\/td>      \n      <td><a href=\"https:\/\/laura.kiurut.fi\/wordpress\/\" target=\"_blank\" rel=\"noreferrer noopener\">https:\/\/laura.kiurut.fi\/wordpress\/<\/a><\/td>\n    <\/tr>\n    <tr>\n      <td><small>http:\/\/www.huutlakers.fi\/not\nanymore<\/small><\/td>\n      <td><a href=\"https:\/\/rockas.kiurut.fi\/rockas\/wordpress\/\">https:\/\/rockas.kiurut.fi\/rockas\/word<\/a><a href=\"https:\/\/rockas.kiurut.fi\/rockas\/wordpress\/\" target=\"_blank\" rel=\"noreferrer noopener\">press<\/a><\/td>\n      <td><small><a href=\"https:\/\/www.pyhtaankisa.fi\/pyhtaankisa\/\" target=\"_blank\" rel=\"noreferrer noopener\">https:\/\/www.pyhtaankisa.fi\/pyhtaankisa<\/a><\/small><\/td>\n    <\/tr>\n    <tr>\n      <td><a href=\"https:\/\/www.matikaiset.fi\/matikaiset\/\" target=\"_blank\" rel=\"noreferrer noopener\">https:\/\/www.matikaiset.fi\/matikaiset<\/a><\/td>\n      <td><small><a href=\"https:\/\/www.xn--pyhtnsaneeraus-8hba.fi\/\" target=\"_blank\" rel=\"noreferrer noopener\">https:\/\/www.pyht\u00e4\u00e4nsaneeraus.fi<\/a><\/small><\/td>\n      <td><a href=\"https:\/\/seppo.kiurut.fi\/seppo\/\" target=\"_blank\" rel=\"noreferrer noopener\">https:\/\/seppo.kiurut.fi\/seppo<\/a><a href=\"http:\/\/seppo.kiurut.fi\/\" target=\"_blank\" rel=\"noreferrer noopener\">\/<\/a><\/td>\n    <\/tr>\n    <tr>\n      <td><\/td>\n      <td><\/td>\n      <td><a href=\"https:\/\/lauri.kiurut.fi\/lauri\/\" target=\"_blank\" rel=\"noreferrer noopener\">https:\/\/lauri.kiurut.fi\/lauri\/<\/a><\/td>\n    <\/tr>\n    <tr>\n       <td><\/td>\n       <td><\/td>\n       <td><a href=\"https:\/\/www.instagram.com\/laurakiuru\/?hl=fi\" target=\"_blank\" rel=\"noreferrer noopener\">https:\/\/www.instagram.com\/laurakiuru\/?hl=fi<\/a><\/td>\n    <\/tr>\n  <\/tbody>\n<\/table>\n<br>\n<table style=\"text-align: left; width: 694px; height: 32px;\"\n border=\"1\" cellpadding=\"2\" cellspacing=\"2\">\n  <tbody>\n    <tr>\n      <td>Oma gallery &#8211; [<a href=\"https:\/\/seppo.kiurut.fi\/seppo\/?robo_gallery_table=oma\" target=\"_blank\" rel=\"noopener\">t&auml;st&auml;<\/a>]<\/td>\n    <\/tr>\n  <\/tbody>\n<\/table>\n<br>\n<\/div>\n<\/div>\n\n\n\n<figure class=\"wp-block-video\"><video height=\"720\" style=\"aspect-ratio: 1280 \/ 720;\" width=\"1280\" controls src=\"https:\/\/seppo.kiurut.fi\/seppo\/wp-content\/uploads\/2025\/08\/koti_taivaalta.mp4\"><\/video><\/figure>\n\n\n\n<!-- PAGE VISITS COUNTER - BASE -->\n<div id=\"strcpv-page-counter\">N\/A<\/div>\n","protected":false},"excerpt":{"rendered":"<p>some pages: [updated: SK 20.9.2025] http:\/\/jari.mooo.com\/ http:\/\/jari.rockas.mooo.com\/ https:\/\/laura.kiurut.fi\/wordpress\/ http:\/\/www.huutlakers.fi\/not anymore https:\/\/rockas.kiurut.fi\/rockas\/wordpress https:\/\/www.pyhtaankisa.fi\/pyhtaankisa https:\/\/www.matikaiset.fi\/matikaiset https:\/\/www.pyht\u00e4\u00e4nsaneeraus.fi https:\/\/seppo.kiurut.fi\/seppo\/ https:\/\/lauri.kiurut.fi\/lauri\/ https:\/\/www.instagram.com\/laurakiuru\/?hl=fi Oma gallery &#8211; [&hellip;]<\/p>\n","protected":false},"author":1,"featured_media":62,"parent":0,"menu_order":0,"comment_status":"closed","ping_status":"open","template":"","meta":{"footnotes":""},"class_list":["post-487","page","type-page","status-publish","has-post-thumbnail","hentry"],"yoast_head":"<!-- This site is optimized with the Yoast SEO plugin v27.5 - https:\/\/yoast.com\/product\/yoast-seo-wordpress\/ -->\n<title>Home - seppo.kiurut.fi<\/title>\n<meta name=\"robots\" content=\"index, follow, max-snippet:-1, max-image-preview:large, max-video-preview:-1\" \/>\n<link rel=\"canonical\" href=\"https:\/\/seppo.kiurut.fi\/seppo\/\" \/>\n<meta property=\"og:locale\" content=\"en_US\" \/>\n<meta property=\"og:type\" content=\"article\" \/>\n<meta property=\"og:title\" content=\"Home - seppo.kiurut.fi\" \/>\n<meta property=\"og:description\" content=\"some pages: [updated: SK 20.9.2025] http:\/\/jari.mooo.com\/ http:\/\/jari.rockas.mooo.com\/ https:\/\/laura.kiurut.fi\/wordpress\/ http:\/\/www.huutlakers.fi\/not anymore https:\/\/rockas.kiurut.fi\/rockas\/wordpress https:\/\/www.pyhtaankisa.fi\/pyhtaankisa https:\/\/www.matikaiset.fi\/matikaiset https:\/\/www.pyht\u00e4\u00e4nsaneeraus.fi https:\/\/seppo.kiurut.fi\/seppo\/ https:\/\/lauri.kiurut.fi\/lauri\/ https:\/\/www.instagram.com\/laurakiuru\/?hl=fi Oma gallery &#8211; [&hellip;]\" \/>\n<meta property=\"og:url\" content=\"https:\/\/seppo.kiurut.fi\/seppo\/\" \/>\n<meta property=\"og:site_name\" content=\"seppo.kiurut.fi\" \/>\n<meta property=\"article:modified_time\" content=\"2026-01-02T10:49:24+00:00\" \/>\n<meta property=\"og:image\" content=\"https:\/\/seppo.kiurut.fi\/seppo\/wp-content\/uploads\/2020\/02\/338.jpg\" \/>\n\t<meta property=\"og:image:width\" content=\"800\" \/>\n\t<meta property=\"og:image:height\" content=\"450\" \/>\n\t<meta property=\"og:image:type\" content=\"image\/jpeg\" \/>\n<meta name=\"twitter:card\" content=\"summary_large_image\" \/>\n<meta name=\"twitter:label1\" content=\"Est. reading time\" \/>\n\t<meta name=\"twitter:data1\" content=\"1 minute\" \/>\n<script type=\"application\/ld+json\" class=\"yoast-schema-graph\">{\"@context\":\"https:\\\/\\\/schema.org\",\"@graph\":[{\"@type\":\"WebPage\",\"@id\":\"https:\\\/\\\/seppo.kiurut.fi\\\/seppo\\\/\",\"url\":\"https:\\\/\\\/seppo.kiurut.fi\\\/seppo\\\/\",\"name\":\"Home - seppo.kiurut.fi\",\"isPartOf\":{\"@id\":\"https:\\\/\\\/seppo.kiurut.fi\\\/seppo\\\/#website\"},\"primaryImageOfPage\":{\"@id\":\"https:\\\/\\\/seppo.kiurut.fi\\\/seppo\\\/#primaryimage\"},\"image\":{\"@id\":\"https:\\\/\\\/seppo.kiurut.fi\\\/seppo\\\/#primaryimage\"},\"thumbnailUrl\":\"https:\\\/\\\/seppo.kiurut.fi\\\/seppo\\\/wp-content\\\/uploads\\\/2020\\\/02\\\/338.jpg\",\"datePublished\":\"2020-02-10T19:30:13+00:00\",\"dateModified\":\"2026-01-02T10:49:24+00:00\",\"breadcrumb\":{\"@id\":\"https:\\\/\\\/seppo.kiurut.fi\\\/seppo\\\/#breadcrumb\"},\"inLanguage\":\"en-US\",\"potentialAction\":[{\"@type\":\"ReadAction\",\"target\":[\"https:\\\/\\\/seppo.kiurut.fi\\\/seppo\\\/\"]}]},{\"@type\":\"ImageObject\",\"inLanguage\":\"en-US\",\"@id\":\"https:\\\/\\\/seppo.kiurut.fi\\\/seppo\\\/#primaryimage\",\"url\":\"https:\\\/\\\/seppo.kiurut.fi\\\/seppo\\\/wp-content\\\/uploads\\\/2020\\\/02\\\/338.jpg\",\"contentUrl\":\"https:\\\/\\\/seppo.kiurut.fi\\\/seppo\\\/wp-content\\\/uploads\\\/2020\\\/02\\\/338.jpg\",\"width\":800,\"height\":450,\"caption\":\"kes\u00e4p\u00e4iv\u00e4 j\u00e4rvenrannalla\"},{\"@type\":\"BreadcrumbList\",\"@id\":\"https:\\\/\\\/seppo.kiurut.fi\\\/seppo\\\/#breadcrumb\",\"itemListElement\":[{\"@type\":\"ListItem\",\"position\":1,\"name\":\"Home\",\"item\":\"https:\\\/\\\/seppo.kiurut.fi\\\/seppo\\\/\"},{\"@type\":\"ListItem\",\"position\":2,\"name\":\"Home\"}]},{\"@type\":\"WebSite\",\"@id\":\"https:\\\/\\\/seppo.kiurut.fi\\\/seppo\\\/#website\",\"url\":\"https:\\\/\\\/seppo.kiurut.fi\\\/seppo\\\/\",\"name\":\"seppo.kiurut.fi\",\"description\":\"City of Pyht\u00e4\u00e4.. the center of the world and beautiful nature and comfortable quiet living\",\"potentialAction\":[{\"@type\":\"SearchAction\",\"target\":{\"@type\":\"EntryPoint\",\"urlTemplate\":\"https:\\\/\\\/seppo.kiurut.fi\\\/seppo\\\/?s={search_term_string}\"},\"query-input\":{\"@type\":\"PropertyValueSpecification\",\"valueRequired\":true,\"valueName\":\"search_term_string\"}}],\"inLanguage\":\"en-US\"}]}<\/script>\n<!-- \/ Yoast SEO plugin. -->","yoast_head_json":{"title":"Home - seppo.kiurut.fi","robots":{"index":"index","follow":"follow","max-snippet":"max-snippet:-1","max-image-preview":"max-image-preview:large","max-video-preview":"max-video-preview:-1"},"canonical":"https:\/\/seppo.kiurut.fi\/seppo\/","og_locale":"en_US","og_type":"article","og_title":"Home - seppo.kiurut.fi","og_description":"some pages: [updated: SK 20.9.2025] http:\/\/jari.mooo.com\/ http:\/\/jari.rockas.mooo.com\/ https:\/\/laura.kiurut.fi\/wordpress\/ http:\/\/www.huutlakers.fi\/not anymore https:\/\/rockas.kiurut.fi\/rockas\/wordpress https:\/\/www.pyhtaankisa.fi\/pyhtaankisa https:\/\/www.matikaiset.fi\/matikaiset https:\/\/www.pyht\u00e4\u00e4nsaneeraus.fi https:\/\/seppo.kiurut.fi\/seppo\/ https:\/\/lauri.kiurut.fi\/lauri\/ https:\/\/www.instagram.com\/laurakiuru\/?hl=fi Oma gallery &#8211; [&hellip;]","og_url":"https:\/\/seppo.kiurut.fi\/seppo\/","og_site_name":"seppo.kiurut.fi","article_modified_time":"2026-01-02T10:49:24+00:00","og_image":[{"width":800,"height":450,"url":"https:\/\/seppo.kiurut.fi\/seppo\/wp-content\/uploads\/2020\/02\/338.jpg","type":"image\/jpeg"}],"twitter_card":"summary_large_image","twitter_misc":{"Est. reading time":"1 minute"},"schema":{"@context":"https:\/\/schema.org","@graph":[{"@type":"WebPage","@id":"https:\/\/seppo.kiurut.fi\/seppo\/","url":"https:\/\/seppo.kiurut.fi\/seppo\/","name":"Home - seppo.kiurut.fi","isPartOf":{"@id":"https:\/\/seppo.kiurut.fi\/seppo\/#website"},"primaryImageOfPage":{"@id":"https:\/\/seppo.kiurut.fi\/seppo\/#primaryimage"},"image":{"@id":"https:\/\/seppo.kiurut.fi\/seppo\/#primaryimage"},"thumbnailUrl":"https:\/\/seppo.kiurut.fi\/seppo\/wp-content\/uploads\/2020\/02\/338.jpg","datePublished":"2020-02-10T19:30:13+00:00","dateModified":"2026-01-02T10:49:24+00:00","breadcrumb":{"@id":"https:\/\/seppo.kiurut.fi\/seppo\/#breadcrumb"},"inLanguage":"en-US","potentialAction":[{"@type":"ReadAction","target":["https:\/\/seppo.kiurut.fi\/seppo\/"]}]},{"@type":"ImageObject","inLanguage":"en-US","@id":"https:\/\/seppo.kiurut.fi\/seppo\/#primaryimage","url":"https:\/\/seppo.kiurut.fi\/seppo\/wp-content\/uploads\/2020\/02\/338.jpg","contentUrl":"https:\/\/seppo.kiurut.fi\/seppo\/wp-content\/uploads\/2020\/02\/338.jpg","width":800,"height":450,"caption":"kes\u00e4p\u00e4iv\u00e4 j\u00e4rvenrannalla"},{"@type":"BreadcrumbList","@id":"https:\/\/seppo.kiurut.fi\/seppo\/#breadcrumb","itemListElement":[{"@type":"ListItem","position":1,"name":"Home","item":"https:\/\/seppo.kiurut.fi\/seppo\/"},{"@type":"ListItem","position":2,"name":"Home"}]},{"@type":"WebSite","@id":"https:\/\/seppo.kiurut.fi\/seppo\/#website","url":"https:\/\/seppo.kiurut.fi\/seppo\/","name":"seppo.kiurut.fi","description":"City of Pyht\u00e4\u00e4.. the center of the world and beautiful nature and comfortable quiet living","potentialAction":[{"@type":"SearchAction","target":{"@type":"EntryPoint","urlTemplate":"https:\/\/seppo.kiurut.fi\/seppo\/?s={search_term_string}"},"query-input":{"@type":"PropertyValueSpecification","valueRequired":true,"valueName":"search_term_string"}}],"inLanguage":"en-US"}]}},"_links":{"self":[{"href":"https:\/\/seppo.kiurut.fi\/seppo\/index.php?rest_route=\/wp\/v2\/pages\/487","targetHints":{"allow":["GET"]}}],"collection":[{"href":"https:\/\/seppo.kiurut.fi\/seppo\/index.php?rest_route=\/wp\/v2\/pages"}],"about":[{"href":"https:\/\/seppo.kiurut.fi\/seppo\/index.php?rest_route=\/wp\/v2\/types\/page"}],"author":[{"embeddable":true,"href":"https:\/\/seppo.kiurut.fi\/seppo\/index.php?rest_route=\/wp\/v2\/users\/1"}],"replies":[{"embeddable":true,"href":"https:\/\/seppo.kiurut.fi\/seppo\/index.php?rest_route=%2Fwp%2Fv2%2Fcomments&post=487"}],"version-history":[{"count":9,"href":"https:\/\/seppo.kiurut.fi\/seppo\/index.php?rest_route=\/wp\/v2\/pages\/487\/revisions"}],"predecessor-version":[{"id":1446,"href":"https:\/\/seppo.kiurut.fi\/seppo\/index.php?rest_route=\/wp\/v2\/pages\/487\/revisions\/1446"}],"wp:featuredmedia":[{"embeddable":true,"href":"https:\/\/seppo.kiurut.fi\/seppo\/index.php?rest_route=\/wp\/v2\/media\/62"}],"wp:attachment":[{"href":"https:\/\/seppo.kiurut.fi\/seppo\/index.php?rest_route=%2Fwp%2Fv2%2Fmedia&parent=487"}],"curies":[{"name":"wp","href":"https:\/\/api.w.org\/{rel}","templated":true}]}}